{"id":1001,"date":"2011-12-19T03:24:06","date_gmt":"2011-12-19T02:24:06","guid":{"rendered":"http:\/\/www.roiba.es\/blog\/?page_id=1001"},"modified":"2013-11-04T11:40:44","modified_gmt":"2013-11-04T10:40:44","slug":"roiba-y-el-opus-dei","status":"publish","type":"page","link":"http:\/\/www.roiba.es\/blog\/?page_id=1001","title":{"rendered":"Roiba y el Opus Dei"},"content":{"rendered":"<p>En ROIBA, como en el resto de iniciativas apost\u00f3licas que ponen en marcha los fieles del Opus Dei en todo el mundo, se pretende principalmente que los chicos adquieran una adecuada formaci\u00f3n en los valores humanos y espirituales, que ayude a convertirles el d\u00eda de ma\u00f1ana en hombres honrados, trabajadores y preocupados por los dem\u00e1s.<\/p>\n<p>La formaci\u00f3n religiosa en el Club Roiba est\u00e1 encomendada a la\u00a0<a title=\"http:\/\/www.opusdei.org\/\" href=\"http:\/\/www.opusdei.org\/\" target=\"_blank\">Prelatura del Opus Dei<\/a>. Los socios pueden participar en los medios de formaci\u00f3n que se ponen a su disposici\u00f3n: explicaci\u00f3n del Catecismo, charlas de formaci\u00f3n doctrinal\u2026 Al mismo tiempo, disponen de medios de formaci\u00f3n personal.<\/p>\n<p>El Opus Dei es una Prelatura personal de la\u00a0<a title=\"http:\/\/www.vatican.va\/\" href=\"http:\/\/www.vatican.va\/\" target=\"_blank\">Iglesia Cat\u00f3lica<\/a> que difunde el mensaje de la santidad en medio del mundo, ayudando a los fieles cristianos de toda condici\u00f3n a vivir coherentemente la fe cristiana y contribuir as\u00ed a la evangelizaci\u00f3n de todos los ambientes de la sociedad, a trav\u00e9s del trabajo ordinario.<\/p>\n<p>Fue fundado en Madrid el 2 de octubre de 1928 por San Josemar\u00eda Escriv\u00e1 de Balaguer, y tiene adem\u00e1s una larga experiencia en la labor formativa con la juventud. Su influencia en el Club se manifiesta en multitud de detalles grandes y peque\u00f1os: la seriedad y exigencia en el estudio personal, el af\u00e1n de convivir en libertad, el aprendizaje de solidaridad y el servicio a los otros, el orden, el optimismo, etc., que impregnan todas las actividades; pero no se implica en los aspectos organizativos o de gesti\u00f3n.<\/p>\n","protected":false},"excerpt":{"rendered":"<p>En ROIBA, como en el resto de iniciativas apost\u00f3licas que ponen en marcha los fieles del Opus Dei en todo el mundo, se pretende principalmente que los chicos adquieran una [&hellip;]<\/p>\n","protected":false},"author":5,"featured_media":0,"parent":870,"menu_order":0,"comment_status":"open","ping_status":"open","template":"","meta":[],"_links":{"self":[{"href":"http:\/\/www.roiba.es\/blog\/index.php?rest_route=\/wp\/v2\/pages\/1001"}],"collection":[{"href":"http:\/\/www.roiba.es\/blog\/index.php?rest_route=\/wp\/v2\/pages"}],"about":[{"href":"http:\/\/www.roiba.es\/blog\/index.php?rest_route=\/wp\/v2\/types\/page"}],"author":[{"embeddable":true,"href":"http:\/\/www.roiba.es\/blog\/index.php?rest_route=\/wp\/v2\/users\/5"}],"replies":[{"embeddable":true,"href":"http:\/\/www.roiba.es\/blog\/index.php?rest_route=%2Fwp%2Fv2%2Fcomments&post=1001"}],"version-history":[{"count":9,"href":"http:\/\/www.roiba.es\/blog\/index.php?rest_route=\/wp\/v2\/pages\/1001\/revisions"}],"predecessor-version":[{"id":1508,"href":"http:\/\/www.roiba.es\/blog\/index.php?rest_route=\/wp\/v2\/pages\/1001\/revisions\/1508"}],"up":[{"embeddable":true,"href":"http:\/\/www.roiba.es\/blog\/index.php?rest_route=\/wp\/v2\/pages\/870"}],"wp:attachment":[{"href":"http:\/\/www.roiba.es\/blog\/index.php?rest_route=%2Fwp%2Fv2%2Fmedia&parent=1001"}],"curies":[{"name":"wp","href":"https:\/\/api.w.org\/{rel}","templated":true}]}}