{"id":1007,"date":"2011-12-19T03:25:53","date_gmt":"2011-12-19T02:25:53","guid":{"rendered":"http:\/\/www.roiba.es\/blog\/?page_id=1007"},"modified":"2014-08-14T20:46:07","modified_gmt":"2014-08-14T18:46:07","slug":"%c2%bfque-aprenden-tus-hijos-aqui","status":"publish","type":"page","link":"http:\/\/www.roiba.es\/blog\/?page_id=1007","title":{"rendered":"\u00bfQu\u00e9 aprenden tus hijos aqu\u00ed?"},"content":{"rendered":"<p>A trav\u00e9s de las actividades que organizamos\u00a0se busca fomentar en los chicos una actitud m\u00e1s activa, con iniciativa, en su propio proyecto de mejora y en el cambio de la sociedad que les rodea, asumiendo responsabilidades y actuando. No se trata simplemente de transmitir unos valores, sino de generar unos h\u00e1bitos de acci\u00f3n.<\/p>\n","protected":false},"excerpt":{"rendered":"<p>A trav\u00e9s de las actividades que organizamos\u00a0se busca fomentar en los chicos una actitud m\u00e1s activa, con iniciativa, en su propio proyecto de mejora y en el cambio de la [&hellip;]<\/p>\n","protected":false},"author":5,"featured_media":0,"parent":870,"menu_order":0,"comment_status":"open","ping_status":"open","template":"","meta":[],"_links":{"self":[{"href":"http:\/\/www.roiba.es\/blog\/index.php?rest_route=\/wp\/v2\/pages\/1007"}],"collection":[{"href":"http:\/\/www.roiba.es\/blog\/index.php?rest_route=\/wp\/v2\/pages"}],"about":[{"href":"http:\/\/www.roiba.es\/blog\/index.php?rest_route=\/wp\/v2\/types\/page"}],"author":[{"embeddable":true,"href":"http:\/\/www.roiba.es\/blog\/index.php?rest_route=\/wp\/v2\/users\/5"}],"replies":[{"embeddable":true,"href":"http:\/\/www.roiba.es\/blog\/index.php?rest_route=%2Fwp%2Fv2%2Fcomments&post=1007"}],"version-history":[{"count":9,"href":"http:\/\/www.roiba.es\/blog\/index.php?rest_route=\/wp\/v2\/pages\/1007\/revisions"}],"predecessor-version":[{"id":1073,"href":"http:\/\/www.roiba.es\/blog\/index.php?rest_route=\/wp\/v2\/pages\/1007\/revisions\/1073"}],"up":[{"embeddable":true,"href":"http:\/\/www.roiba.es\/blog\/index.php?rest_route=\/wp\/v2\/pages\/870"}],"wp:attachment":[{"href":"http:\/\/www.roiba.es\/blog\/index.php?rest_route=%2Fwp%2Fv2%2Fmedia&parent=1007"}],"curies":[{"name":"wp","href":"https:\/\/api.w.org\/{rel}","templated":true}]}}