{"id":1013,"date":"2011-12-19T03:41:22","date_gmt":"2011-12-19T02:41:22","guid":{"rendered":"http:\/\/www.roiba.es\/blog\/?page_id=1013"},"modified":"2011-12-21T12:11:54","modified_gmt":"2011-12-21T11:11:54","slug":"ventajas-de-los-socios","status":"publish","type":"page","link":"http:\/\/www.roiba.es\/blog\/?page_id=1013","title":{"rendered":"Ventajas de ser socio"},"content":{"rendered":"<h3>PARTICIPAR EN MUCHISIMAS ACTIVIDADES<\/h3>\n<p>Todas las actividades ordinarias del club est\u00e1n incluidas en la cuota mensual de socio.<\/p>\n<h3>DESCUENTOS<\/h3>\n<p>Todas las actividades incluyen descuentos para los socios. Existen becas para las familias que tienen m\u00e1s de un hijo socio del Club.<\/span><\/h3>\n<h3>GARANTIA<\/h3>\n<p>Roiba garantiza plaza a los socios en todas las actividades extraordinarias que organiza.<\/p>\n<h3>ORIENTACION<\/h3>\n<p>Los socios cuentan con la ayuda de un preceptor del Club que les orienta -en sinton\u00eda con la educaci\u00f3n recibida en su familia- en su formaci\u00f3n humana, el estudio y el empleo del tiempo libre.<\/p>\n<h3>INFORMACION<\/h3>\n<p>Los socios y los padres reciben informaci\u00f3n peri\u00f3dica con las actividades organizadas para cada nivel.<\/p>\n<p>&nbsp;<\/p>\n","protected":false},"excerpt":{"rendered":"<p>PARTICIPAR EN MUCHISIMAS ACTIVIDADES Todas las actividades ordinarias del club est\u00e1n incluidas en la cuota mensual de socio. DESCUENTOS Todas las actividades incluyen descuentos para los socios. Existen becas para [&hellip;]<\/p>\n","protected":false},"author":5,"featured_media":0,"parent":874,"menu_order":0,"comment_status":"open","ping_status":"closed","template":"","meta":[],"_links":{"self":[{"href":"http:\/\/www.roiba.es\/blog\/index.php?rest_route=\/wp\/v2\/pages\/1013"}],"collection":[{"href":"http:\/\/www.roiba.es\/blog\/index.php?rest_route=\/wp\/v2\/pages"}],"about":[{"href":"http:\/\/www.roiba.es\/blog\/index.php?rest_route=\/wp\/v2\/types\/page"}],"author":[{"embeddable":true,"href":"http:\/\/www.roiba.es\/blog\/index.php?rest_route=\/wp\/v2\/users\/5"}],"replies":[{"embeddable":true,"href":"http:\/\/www.roiba.es\/blog\/index.php?rest_route=%2Fwp%2Fv2%2Fcomments&post=1013"}],"version-history":[{"count":5,"href":"http:\/\/www.roiba.es\/blog\/index.php?rest_route=\/wp\/v2\/pages\/1013\/revisions"}],"predecessor-version":[{"id":1111,"href":"http:\/\/www.roiba.es\/blog\/index.php?rest_route=\/wp\/v2\/pages\/1013\/revisions\/1111"}],"up":[{"embeddable":true,"href":"http:\/\/www.roiba.es\/blog\/index.php?rest_route=\/wp\/v2\/pages\/874"}],"wp:attachment":[{"href":"http:\/\/www.roiba.es\/blog\/index.php?rest_route=%2Fwp%2Fv2%2Fmedia&parent=1013"}],"curies":[{"name":"wp","href":"https:\/\/api.w.org\/{rel}","templated":true}]}}