{"id":1015,"date":"2012-12-07T11:30:00","date_gmt":"2012-12-07T10:30:00","guid":{"rendered":"http:\/\/www.roiba.es\/blog\/?page_id=1015"},"modified":"2013-09-17T10:02:06","modified_gmt":"2013-09-17T08:02:06","slug":"%c2%bfcomo-hacerse-socio","status":"publish","type":"page","link":"http:\/\/www.roiba.es\/blog\/?page_id=1015","title":{"rendered":"\u00bfC\u00f3mo hacerse socio?"},"content":{"rendered":"<h3>CONDICIONES DE INSCRIPCION<\/h3>\n<p><a href=\"http:\/\/www.roiba.es\/blog\/wp-content\/uploads\/2011\/12\/fichasociooiba.pdf\" target=\"_blank\"><img loading=\"lazy\" class=\"alignleft size-medium wp-image-1106\" title=\"Captura de pantalla 2011-12-19 a las 19.09.24\" src=\"http:\/\/www.roiba.es\/blog\/wp-content\/uploads\/2011\/12\/Captura-de-pantalla-2011-12-19-a-las-19.09.24-211x300.png\" alt=\"\" width=\"211\" height=\"300\" srcset=\"http:\/\/www.roiba.es\/blog\/wp-content\/uploads\/2011\/12\/Captura-de-pantalla-2011-12-19-a-las-19.09.24-211x300.png 211w, http:\/\/www.roiba.es\/blog\/wp-content\/uploads\/2011\/12\/Captura-de-pantalla-2011-12-19-a-las-19.09.24.png 613w\" sizes=\"(max-width: 211px) 100vw, 211px\" \/><\/a><\/p>\n<p>Los padres interesados en hacer socio a su hijo deben:<br \/>\n\u25a0 Rellenar la ficha de Socio y entregarla en la sede del Club.<br \/>\n\u25a0 Mantener una entrevista con el director.<br \/>\n\u25a0 Pagar una cuota mensual (no hay cuota de entrada).<\/p>\n<p>La cuota mensual var\u00eda seg\u00fan el n\u00famero de hijos que sean socios:<br \/>\n<em>De 1\u00ba a 4\u00ba de Primaria (Escuela de F\u00fatbol):<\/em><br \/>\n\u25a0 Cuota mensual primer hijo: 18 euros.<br \/>\n\u25a0 Cuota mensual segundo hijo: 10 euros.<br \/>\n\u25a0 Cuota mensual tercer hijo: 5 euros.<br \/>\n\u25a0 Cuota mensual cuarto o m\u00e1s hijos: gratis.<\/p>\n<p><em>De 5\u00ba de Primaria a universitarios<\/em>:<br \/>\n\u25a0 Cuota mensual primer hijo: 32,5 euros.<br \/>\n\u25a0 Cuota mensual segundo hijo: 20 euros.<br \/>\n\u25a0 Cuota mensual tercer hijo: 10 euros.<br \/>\n\u25a0 Cuota mensual cuarto o m\u00e1s hijos: gratis<\/p>\n<h3>NUMERO DE CUOTAS<\/h3>\n<p>\u25a0 Los socios desde 5\u00ba de Primaria abonan 12 cuotas al a\u00f1o. Los participantes en la Escuela de F\u00fatbol (1\u00ba a 4\u00ba EP) las 8 cuotas correspondientes a la temporada de f\u00fatbol (octubre a mayo).<\/p>\n<h3>AYUDAS ECONOMICAS<\/h3>\n<p>\u25a0 Ante posibles dificultades, y con el fin de abaratar las cuotas mensuales, la Junta Directiva puede conceder becas a las familias que lo soliciten por escrito.<\/p>\n","protected":false},"excerpt":{"rendered":"<p>CONDICIONES DE INSCRIPCION Los padres interesados en hacer socio a su hijo deben: \u25a0 Rellenar la ficha de Socio y entregarla en la sede del Club. \u25a0 Mantener una entrevista [&hellip;]<\/p>\n","protected":false},"author":5,"featured_media":0,"parent":874,"menu_order":0,"comment_status":"open","ping_status":"open","template":"","meta":[],"_links":{"self":[{"href":"http:\/\/www.roiba.es\/blog\/index.php?rest_route=\/wp\/v2\/pages\/1015"}],"collection":[{"href":"http:\/\/www.roiba.es\/blog\/index.php?rest_route=\/wp\/v2\/pages"}],"about":[{"href":"http:\/\/www.roiba.es\/blog\/index.php?rest_route=\/wp\/v2\/types\/page"}],"author":[{"embeddable":true,"href":"http:\/\/www.roiba.es\/blog\/index.php?rest_route=\/wp\/v2\/users\/5"}],"replies":[{"embeddable":true,"href":"http:\/\/www.roiba.es\/blog\/index.php?rest_route=%2Fwp%2Fv2%2Fcomments&post=1015"}],"version-history":[{"count":16,"href":"http:\/\/www.roiba.es\/blog\/index.php?rest_route=\/wp\/v2\/pages\/1015\/revisions"}],"predecessor-version":[{"id":1102,"href":"http:\/\/www.roiba.es\/blog\/index.php?rest_route=\/wp\/v2\/pages\/1015\/revisions\/1102"}],"up":[{"embeddable":true,"href":"http:\/\/www.roiba.es\/blog\/index.php?rest_route=\/wp\/v2\/pages\/874"}],"wp:attachment":[{"href":"http:\/\/www.roiba.es\/blog\/index.php?rest_route=%2Fwp%2Fv2%2Fmedia&parent=1015"}],"curies":[{"name":"wp","href":"https:\/\/api.w.org\/{rel}","templated":true}]}}