{"id":1052,"date":"2011-12-19T03:58:38","date_gmt":"2011-12-19T02:58:38","guid":{"rendered":"http:\/\/www.roiba.es\/blog\/?page_id=1052"},"modified":"2011-12-19T19:44:31","modified_gmt":"2011-12-19T18:44:31","slug":"construir-la-familia","status":"publish","type":"page","link":"http:\/\/www.roiba.es\/blog\/?page_id=1052","title":{"rendered":"Construir la familia"},"content":{"rendered":"<p><a href=\"http:\/\/www.digitoidentidad.com\/construirlafamilia\/video.mp4\" target=\"_blank\"><img loading=\"lazy\" class=\"alignleft\" title=\"construir\" src=\"http:\/\/clubaltamira.es\/wp-content\/uploads\/2010\/12\/construir.jpg\" alt=\"\" width=\"180\" height=\"120\" \/><\/a><\/p>\n<p>V\u00eddeo de 33 minutos con las ense\u00f1anzas de San Josemar\u00eda sobre la vida en familia: el amor entre los esposos, el trato con los hijos, Dios en la familia\u2026 El v\u00eddeo se puede descargar para mostrarlo a otras personas.<\/p>\n<p>Para ver el v\u00eddeo pulsar en la fotograf\u00eda. Tarda unos 20 segundos en cargar, ten paciencia.<\/p>\n<p><strong>Autor\u00eda del Reportaje<\/strong><\/p>\n<p>Realizaci\u00f3n: Juan Mart\u00edn Ezratty, 2010.\u00a0<a href=\"http:\/\/www.digitoidentidad.com\/\">DIGITO IDENTIDAD<\/a>.<\/p>\n<p>&nbsp;<\/p>\n","protected":false},"excerpt":{"rendered":"<p>V\u00eddeo de 33 minutos con las ense\u00f1anzas de San Josemar\u00eda sobre la vida en familia: el amor entre los esposos, el trato con los hijos, Dios en la familia\u2026 El [&hellip;]<\/p>\n","protected":false},"author":5,"featured_media":0,"parent":876,"menu_order":0,"comment_status":"open","ping_status":"open","template":"","meta":[],"_links":{"self":[{"href":"http:\/\/www.roiba.es\/blog\/index.php?rest_route=\/wp\/v2\/pages\/1052"}],"collection":[{"href":"http:\/\/www.roiba.es\/blog\/index.php?rest_route=\/wp\/v2\/pages"}],"about":[{"href":"http:\/\/www.roiba.es\/blog\/index.php?rest_route=\/wp\/v2\/types\/page"}],"author":[{"embeddable":true,"href":"http:\/\/www.roiba.es\/blog\/index.php?rest_route=\/wp\/v2\/users\/5"}],"replies":[{"embeddable":true,"href":"http:\/\/www.roiba.es\/blog\/index.php?rest_route=%2Fwp%2Fv2%2Fcomments&post=1052"}],"version-history":[{"count":3,"href":"http:\/\/www.roiba.es\/blog\/index.php?rest_route=\/wp\/v2\/pages\/1052\/revisions"}],"predecessor-version":[{"id":1119,"href":"http:\/\/www.roiba.es\/blog\/index.php?rest_route=\/wp\/v2\/pages\/1052\/revisions\/1119"}],"up":[{"embeddable":true,"href":"http:\/\/www.roiba.es\/blog\/index.php?rest_route=\/wp\/v2\/pages\/876"}],"wp:attachment":[{"href":"http:\/\/www.roiba.es\/blog\/index.php?rest_route=%2Fwp%2Fv2%2Fmedia&parent=1052"}],"curies":[{"name":"wp","href":"https:\/\/api.w.org\/{rel}","templated":true}]}}