{"id":1128,"date":"2011-12-21T10:48:28","date_gmt":"2011-12-21T09:48:28","guid":{"rendered":"http:\/\/www.roiba.es\/blog\/?page_id=1128"},"modified":"2017-02-11T17:20:55","modified_gmt":"2017-02-11T16:20:55","slug":"estudio","status":"publish","type":"page","link":"http:\/\/www.roiba.es\/blog\/?page_id=1128","title":{"rendered":"Estudio"},"content":{"rendered":"<h2><span style=\"color: #ff9900;\"><strong>&#8212;&#8212;&#8212;&#8212;&#8212;&#8212;&#8212;&#8212;&#8212;&#8212;&#8212;&#8212;&#8212;&#8212;&#8212;&#8212;&#8212;&#8212;&#8212;&#8212;&#8212;&#8212;&#8212;&#8212;&#8211;<\/strong><\/span><\/h2>\n<h2><em>El estudio es la actividad m\u00e1s importante que llevamos a cabo en Roiba.<\/em><\/h2>\n<h2><em>La sala de estudio est\u00e1 abierta todos los d\u00edas de la semana.<\/em><\/h2>\n<p>&nbsp;<\/p>\n","protected":false},"excerpt":{"rendered":"<p>&#8212;&#8212;&#8212;&#8212;&#8212;&#8212;&#8212;&#8212;&#8212;&#8212;&#8212;&#8212;&#8212;&#8212;&#8212;&#8212;&#8212;&#8212;&#8212;&#8212;&#8212;&#8212;&#8212;&#8212;&#8211; El estudio es la actividad m\u00e1s importante que llevamos a cabo en Roiba. La sala de estudio est\u00e1 abierta todos los d\u00edas de la semana. &nbsp;<\/p>\n","protected":false},"author":5,"featured_media":0,"parent":872,"menu_order":0,"comment_status":"open","ping_status":"open","template":"","meta":[],"_links":{"self":[{"href":"http:\/\/www.roiba.es\/blog\/index.php?rest_route=\/wp\/v2\/pages\/1128"}],"collection":[{"href":"http:\/\/www.roiba.es\/blog\/index.php?rest_route=\/wp\/v2\/pages"}],"about":[{"href":"http:\/\/www.roiba.es\/blog\/index.php?rest_route=\/wp\/v2\/types\/page"}],"author":[{"embeddable":true,"href":"http:\/\/www.roiba.es\/blog\/index.php?rest_route=\/wp\/v2\/users\/5"}],"replies":[{"embeddable":true,"href":"http:\/\/www.roiba.es\/blog\/index.php?rest_route=%2Fwp%2Fv2%2Fcomments&post=1128"}],"version-history":[{"count":9,"href":"http:\/\/www.roiba.es\/blog\/index.php?rest_route=\/wp\/v2\/pages\/1128\/revisions"}],"predecessor-version":[{"id":1647,"href":"http:\/\/www.roiba.es\/blog\/index.php?rest_route=\/wp\/v2\/pages\/1128\/revisions\/1647"}],"up":[{"embeddable":true,"href":"http:\/\/www.roiba.es\/blog\/index.php?rest_route=\/wp\/v2\/pages\/872"}],"wp:attachment":[{"href":"http:\/\/www.roiba.es\/blog\/index.php?rest_route=%2Fwp%2Fv2%2Fmedia&parent=1128"}],"curies":[{"name":"wp","href":"https:\/\/api.w.org\/{rel}","templated":true}]}}