{"id":883,"date":"2011-12-18T13:16:59","date_gmt":"2011-12-18T12:16:59","guid":{"rendered":"http:\/\/www.roiba.es\/blog\/?page_id=883"},"modified":"2017-02-11T17:30:56","modified_gmt":"2017-02-11T16:30:56","slug":"futbol-sala","status":"publish","type":"page","link":"http:\/\/www.roiba.es\/blog\/?page_id=883","title":{"rendered":"F\u00fatbol &#8211; Sala"},"content":{"rendered":"<h2><span style=\"color: #ff9900;\">&#8212;&#8212;&#8212;&#8212;&#8212;&#8212;&#8212;&#8212;&#8212;&#8212;&#8212;&#8212;&#8212;&#8212;&#8212;&#8212;&#8212;&#8212;&#8212;&#8212;&#8212;&#8212;&#8212;&#8212;&#8211;<\/span><\/h2>\n<h2><em>El f\u00fatbol-sala es una de las actividades preferidas de nuestros socios y sus familias.<\/em><\/h2>\n<p><img loading=\"lazy\" class=\"wp-image-1651 aligncenter\" src=\"http:\/\/www.roiba.es\/blog\/wp-content\/uploads\/2017\/02\/premini-1-1024x682.jpg\" alt=\"\" width=\"400\" height=\"266\" srcset=\"http:\/\/www.roiba.es\/blog\/wp-content\/uploads\/2017\/02\/premini-1-1024x682.jpg 1024w, http:\/\/www.roiba.es\/blog\/wp-content\/uploads\/2017\/02\/premini-1-300x200.jpg 300w, http:\/\/www.roiba.es\/blog\/wp-content\/uploads\/2017\/02\/premini-1-768x512.jpg 768w, http:\/\/www.roiba.es\/blog\/wp-content\/uploads\/2017\/02\/premini-1.jpg 1600w\" sizes=\"(max-width: 400px) 100vw, 400px\" \/><\/p>\n<h2><em>Los equipos de Roiba han estado presentes en las competiciones de la Federaci\u00f3n Ferrolana de F\u00fatbol-Sala durante los \u00faltimos 15 a\u00f1os.<br \/>\n<\/em><\/h2>\n<p>&nbsp;<\/p>\n<p>&nbsp;<\/p>\n","protected":false},"excerpt":{"rendered":"<p>&#8212;&#8212;&#8212;&#8212;&#8212;&#8212;&#8212;&#8212;&#8212;&#8212;&#8212;&#8212;&#8212;&#8212;&#8212;&#8212;&#8212;&#8212;&#8212;&#8212;&#8212;&#8212;&#8212;&#8212;&#8211; El f\u00fatbol-sala es una de las actividades preferidas de nuestros socios y sus familias. Los equipos de Roiba han estado presentes en las competiciones de la Federaci\u00f3n Ferrolana de [&hellip;]<\/p>\n","protected":false},"author":5,"featured_media":0,"parent":872,"menu_order":0,"comment_status":"open","ping_status":"open","template":"","meta":[],"_links":{"self":[{"href":"http:\/\/www.roiba.es\/blog\/index.php?rest_route=\/wp\/v2\/pages\/883"}],"collection":[{"href":"http:\/\/www.roiba.es\/blog\/index.php?rest_route=\/wp\/v2\/pages"}],"about":[{"href":"http:\/\/www.roiba.es\/blog\/index.php?rest_route=\/wp\/v2\/types\/page"}],"author":[{"embeddable":true,"href":"http:\/\/www.roiba.es\/blog\/index.php?rest_route=\/wp\/v2\/users\/5"}],"replies":[{"embeddable":true,"href":"http:\/\/www.roiba.es\/blog\/index.php?rest_route=%2Fwp%2Fv2%2Fcomments&post=883"}],"version-history":[{"count":17,"href":"http:\/\/www.roiba.es\/blog\/index.php?rest_route=\/wp\/v2\/pages\/883\/revisions"}],"predecessor-version":[{"id":1655,"href":"http:\/\/www.roiba.es\/blog\/index.php?rest_route=\/wp\/v2\/pages\/883\/revisions\/1655"}],"up":[{"embeddable":true,"href":"http:\/\/www.roiba.es\/blog\/index.php?rest_route=\/wp\/v2\/pages\/872"}],"wp:attachment":[{"href":"http:\/\/www.roiba.es\/blog\/index.php?rest_route=%2Fwp%2Fv2%2Fmedia&parent=883"}],"curies":[{"name":"wp","href":"https:\/\/api.w.org\/{rel}","templated":true}]}}